{"id":197,"date":"2018-07-23T03:58:42","date_gmt":"2018-07-23T03:58:42","guid":{"rendered":"https:\/\/themes.themegoods.com\/framed\/polylang\/?page_id=197"},"modified":"2018-07-23T04:02:47","modified_gmt":"2018-07-23T04:02:47","slug":"home-german","status":"publish","type":"page","link":"https:\/\/themes.themegoods.com\/framed\/polylang\/de\/home-german\/","title":{"rendered":"Home (German)"},"content":{"rendered":"\t\t<div data-elementor-type=\"wp-post\" data-elementor-id=\"197\" class=\"elementor elementor-197 elementor-bc-flex-widget\" data-elementor-settings=\"[]\">\n\t\t\t\t\t\t<div class=\"elementor-inner\">\n\t\t\t\t\t\t\t<div class=\"elementor-section-wrap\">\n\t\t\t\t\t\t\t<section class=\"elementor-section elementor-top-section elementor-element elementor-element-6f5592a elementor-section-boxed elementor-section-height-default elementor-section-height-default\" data-id=\"6f5592a\" data-element_type=\"section\">\n\t\t\t\t\t\t<div class=\"elementor-container elementor-column-gap-default\">\n\t\t\t\t\t\t\t<div class=\"elementor-row\">\n\t\t\t\t\t<div class=\"elementor-column elementor-col-100 elementor-top-column elementor-element elementor-element-d18fd56\" data-id=\"d18fd56\" data-element_type=\"column\">\n\t\t\t<div class=\"elementor-column-wrap elementor-element-populated\">\n\t\t\t\t\t\t\t<div class=\"elementor-widget-wrap\">\n\t\t\t\t\t\t<div class=\"elementor-element elementor-element-ed2f831 elementor-widget elementor-widget-photographer-slider-velo\" data-id=\"ed2f831\" data-element_type=\"widget\" data-widget_type=\"photographer-slider-velo.default\">\n\t\t\t\t<div class=\"elementor-widget-container\">\n\t\t\t<section class=\"tg_velo_slide_container velo-slides\" data-velo-slider=\"on\">\n\t\t<section class=\"velo-slide is-hovering\">\n\t\t\t<div class=\"velo-slide__bg\">\n\t        \t<span class=\"border\"><span><\/span><\/span>\n\t\t\t\t<figure class=\"velo-slide__figure\" style=\"background-image: url(https:\/\/themes.themegoods.com\/framed\/polylang\/wp-content\/uploads\/2018\/04\/chinh-le-duc-264152.jpg)\"><\/figure>\n\t      \t<\/div>\n\t\t\t\n\t\t\t<header class=\"velo-slide__header\">\n\t\t\t\t\t\t        <h2 class=\"velo-slide__title\"><span class=\"oh\"><span>Die Weisheit des Kochens<\/span><\/span><\/h2>\n\t\t        \t\t        \n\t\t        \t\t        <p class=\"velo-slide__text\"><span class=\"oh\"><span>Ein gutes Restaurant zeichnet sich nicht dadurch aus, wie wenig Fehler es macht, sondern davon, wie gut es mit diesen Fehlern umgeht.<\/span><\/span><\/p>\n\t\t        \t\t        \n\t\t        \t\t        <span class=\"velo-slide__btn\"><a class=\"btn-draw btn--white\" href=\"https:\/\/themes.themegoods.com\/framed\/polylang\/the-wisdom-of-cooking\/\" ><span class=\"btn-draw__text\"><span>Galerie ansehen<\/span><\/span><\/a><\/span>\n\t\t        \t      \t<\/header>\n\t\t<\/section>\n\t\t<section class=\"velo-slide is-hovering\">\n\t\t\t<div class=\"velo-slide__bg\">\n\t        \t<span class=\"border\"><span><\/span><\/span>\n\t\t\t\t<figure class=\"velo-slide__figure\" style=\"background-image: url(https:\/\/themes.themegoods.com\/framed\/polylang\/wp-content\/uploads\/2018\/04\/brooke-lark-289769-unsplash.jpg)\"><\/figure>\n\t      \t<\/div>\n\t\t\t\n\t\t\t<header class=\"velo-slide__header\">\n\t\t\t\t\t\t        <h2 class=\"velo-slide__title\"><span class=\"oh\"><span>Gesundes Fr\u00fchst\u00fcck<\/span><\/span><\/h2>\n\t\t        \t\t        \n\t\t        \t\t        <p class=\"velo-slide__text\"><span class=\"oh\"><span>Wei\u00dft du, woraus Fr\u00fchst\u00fccksflocken gemacht sind? Es besteht aus all den kleinen lockigen Holzsp\u00e4nen, die man in Bleistiftanspitzern findet.<\/span><\/span><\/p>\n\t\t        \t\t        \n\t\t        \t\t        <span class=\"velo-slide__btn\"><a class=\"btn-draw btn--white\" href=\"https:\/\/themes.themegoods.com\/framed\/polylang\/healthy-breakfast\/\" ><span class=\"btn-draw__text\"><span>Galerie ansehen<\/span><\/span><\/a><\/span>\n\t\t        \t      \t<\/header>\n\t\t<\/section>\n\t\t<section class=\"velo-slide is-hovering\">\n\t\t\t<div class=\"velo-slide__bg\">\n\t        \t<span class=\"border\"><span><\/span><\/span>\n\t\t\t\t<figure class=\"velo-slide__figure\" style=\"background-image: url(https:\/\/themes.themegoods.com\/framed\/polylang\/wp-content\/uploads\/2018\/04\/dan-gold-105699-unsplash.jpg)\"><\/figure>\n\t      \t<\/div>\n\t\t\t\n\t\t\t<header class=\"velo-slide__header\">\n\t\t\t\t\t\t        <h2 class=\"velo-slide__title\"><span class=\"oh\"><span>Abendessen Vr\u0161ovice<\/span><\/span><\/h2>\n\t\t        \t\t        \n\t\t        \t\t        <p class=\"velo-slide__text\"><span class=\"oh\"><span>Kochen ist auf einmal Kinderspiel und Erwachsenenfreude. Und Kochen mit Sorgfalt ist ein Akt der Liebe.<\/span><\/span><\/p>\n\t\t        \t\t        \n\t\t        \t\t        <span class=\"velo-slide__btn\"><a class=\"btn-draw btn--white\" href=\"https:\/\/themes.themegoods.com\/framed\/polylang\/diner-vrsovice\/\" ><span class=\"btn-draw__text\"><span>Galerie ansehen<\/span><\/span><\/a><\/span>\n\t\t        \t      \t<\/header>\n\t\t<\/section>\n\t\t<section class=\"velo-slide is-hovering\">\n\t\t\t<div class=\"velo-slide__bg\">\n\t        \t<span class=\"border\"><span><\/span><\/span>\n\t\t\t\t<figure class=\"velo-slide__figure\" style=\"background-image: url(https:\/\/themes.themegoods.com\/framed\/polylang\/wp-content\/uploads\/2018\/04\/brooke-lark-229136-unsplash.jpg)\"><\/figure>\n\t      \t<\/div>\n\t\t\t\n\t\t\t<header class=\"velo-slide__header\">\n\t\t\t\t\t\t        <h2 class=\"velo-slide__title\"><span class=\"oh\"><span>Frischer Smoothie Bowl<\/span><\/span><\/h2>\n\t\t        \t\t        \n\t\t        \t\t        <p class=\"velo-slide__text\"><span class=\"oh\"><span>Wenn du das erste Mal etwas siehst, das du noch nie zuvor gesehen hast, wei\u00dft du fast immer sofort, ob du es essen oder vor ihm davonlaufen sollst.<\/span><\/span><\/p>\n\t\t        \t\t        \n\t\t        \t\t        <span class=\"velo-slide__btn\"><a class=\"btn-draw btn--white\" href=\"https:\/\/themes.themegoods.com\/framed\/polylang\/fresh-smoothie-bowl\/\" ><span class=\"btn-draw__text\"><span>Galerie ansehen<\/span><\/span><\/a><\/span>\n\t\t        \t      \t<\/header>\n\t\t<\/section>\n<\/section>\n\n<nav class=\"velo-slides-nav\">\n  <ul class=\"velo-slides-nav__list\">\n    <li>\n      <a class=\"js-velo-slides-prev velo-slides-nav__prev inactive\" href=\"#0\"><i class=\"icon-up-arrow\"><\/i><\/a>\n    <\/li>\n    <li>\n      <a class=\"js-velo-slides-next velo-slides-nav__next\" href=\"#0\"><i class=\"icon-down-arrow\"><\/i><\/a>\n    <\/li>\n  <\/ul>\n<\/nav>\n\t\t<\/div>\n\t\t\t\t<\/div>\n\t\t\t\t\t\t<\/div>\n\t\t\t\t\t<\/div>\n\t\t<\/div>\n\t\t\t\t\t\t\t\t<\/div>\n\t\t\t\t\t<\/div>\n\t\t<\/section>\n\t\t\t\t\t\t<\/div>\n\t\t\t\t\t\t<\/div>\n\t\t\t\t\t<\/div>\n\t\t","protected":false},"excerpt":{"rendered":"<p>Die Weisheit des Kochens Ein gutes Restaurant zeichnet sich nicht dadurch aus, wie wenig Fehler es macht, sondern davon, wie gut es mit diesen Fehlern umgeht. Galerie ansehen Gesundes Fr\u00fchst\u00fcck Wei\u00dft du, woraus Fr\u00fchst\u00fccksflocken gemacht sind? Es besteht aus all [&hellip;]<\/p>\n","protected":false},"author":1,"featured_media":0,"parent":0,"menu_order":0,"comment_status":"closed","ping_status":"closed","template":"","meta":[],"_links":{"self":[{"href":"https:\/\/themes.themegoods.com\/framed\/polylang\/wp-json\/wp\/v2\/pages\/197"}],"collection":[{"href":"https:\/\/themes.themegoods.com\/framed\/polylang\/wp-json\/wp\/v2\/pages"}],"about":[{"href":"https:\/\/themes.themegoods.com\/framed\/polylang\/wp-json\/wp\/v2\/types\/page"}],"author":[{"embeddable":true,"href":"https:\/\/themes.themegoods.com\/framed\/polylang\/wp-json\/wp\/v2\/users\/1"}],"replies":[{"embeddable":true,"href":"https:\/\/themes.themegoods.com\/framed\/polylang\/wp-json\/wp\/v2\/comments?post=197"}],"version-history":[{"count":4,"href":"https:\/\/themes.themegoods.com\/framed\/polylang\/wp-json\/wp\/v2\/pages\/197\/revisions"}],"predecessor-version":[{"id":203,"href":"https:\/\/themes.themegoods.com\/framed\/polylang\/wp-json\/wp\/v2\/pages\/197\/revisions\/203"}],"wp:attachment":[{"href":"https:\/\/themes.themegoods.com\/framed\/polylang\/wp-json\/wp\/v2\/media?parent=197"}],"curies":[{"name":"wp","href":"https:\/\/api.w.org\/{rel}","templated":true}]}}